{"id":396,"date":"2025-03-16T11:56:37","date_gmt":"2025-03-16T11:56:37","guid":{"rendered":"https:\/\/motion-blink.com\/?page_id=396"},"modified":"2025-04-09T07:36:09","modified_gmt":"2025-04-09T07:36:09","slug":"about","status":"publish","type":"page","link":"https:\/\/motion-blink.com\/de\/about\/","title":{"rendered":"About"},"content":{"rendered":"<div data-elementor-type=\"wp-page\" data-elementor-id=\"396\" class=\"elementor elementor-396\" data-elementor-post-type=\"page\">\n\t\t\t\t<div class=\"elementor-element elementor-element-3e766c4 pad-tb-l e-flex e-con-boxed e-con e-parent\" data-id=\"3e766c4\" data-element_type=\"container\" data-e-type=\"container\">\n\t\t\t\t\t<div class=\"e-con-inner\">\n\t\t\t\t<div class=\"elementor-element elementor-element-a8e666b elementor-widget elementor-widget-heading\" data-id=\"a8e666b\" data-element_type=\"widget\" data-e-type=\"widget\" data-widget_type=\"heading.default\">\n\t\t\t\t<div class=\"elementor-widget-container\">\n\t\t\t\t\t<h2 class=\"elementor-heading-title elementor-size-default\">Wer wir sind<\/h2>\t\t\t\t<\/div>\n\t\t\t\t<\/div>\n\t\t\t\t<div class=\"elementor-element elementor-element-b05ddf2 elementor-widget__width-initial elementor-widget-mobile__width-inherit elementor-widget elementor-widget-heading\" data-id=\"b05ddf2\" data-element_type=\"widget\" data-e-type=\"widget\" data-widget_type=\"heading.default\">\n\t\t\t\t<div class=\"elementor-widget-container\">\n\t\t\t\t\t<h2 class=\"elementor-heading-title elementor-size-default\">Wir sind kreative Menschen, die gute Bewegung und gute Menschen lieben.<\/h2>\t\t\t\t<\/div>\n\t\t\t\t<\/div>\n\t\t<div class=\"elementor-element elementor-element-ef500b7 e-con-full e-flex e-con e-child\" data-id=\"ef500b7\" data-element_type=\"container\" data-e-type=\"container\">\n\t\t\t\t<div class=\"elementor-element elementor-element-a091f57 elementor-widget__width-initial elementor-absolute elementor-invisible elementor-widget elementor-widget-image\" data-id=\"a091f57\" data-element_type=\"widget\" data-e-type=\"widget\" data-settings=\"{&quot;_position&quot;:&quot;absolute&quot;,&quot;_animation&quot;:&quot;rotateIn&quot;}\" data-widget_type=\"image.default\">\n\t\t\t\t<div class=\"elementor-widget-container\">\n\t\t\t\t\t\t\t\t\t\t\t\t\t\t\t<img fetchpriority=\"high\" decoding=\"async\" width=\"275\" height=\"263\" src=\"https:\/\/motion-blink.com\/wp-content\/uploads\/2025\/03\/eye.svg\" class=\"attachment-large size-large wp-image-432\" alt=\"Eye-shaped design element featured on Motion Blink\u2019s Process page, symbolising visual clarity, attention, and creative direction\" \/>\t\t\t\t\t\t\t\t\t\t\t\t\t\t\t<\/div>\n\t\t\t\t<\/div>\n\t\t\t\t<\/div>\n\t\t\t\t<div class=\"elementor-element elementor-element-e9cd68e elementor-hidden-desktop elementor-hidden-tablet elementor-hidden-mobile elementor-widget elementor-widget-html\" data-id=\"e9cd68e\" data-element_type=\"widget\" data-e-type=\"widget\" data-widget_type=\"html.default\">\n\t\t\t\t<div class=\"elementor-widget-container\">\n\t\t\t\t\t<style>\n.heroheading  {\ntext-indent: 22.3vw !important;\n}\n\n\n\n<\/style>\t\t\t\t<\/div>\n\t\t\t\t<\/div>\n\t\t\t\t<div class=\"elementor-element elementor-element-c7ab56a elementor-widget-mobile__width-initial elementor-widget elementor-widget-text-editor\" data-id=\"c7ab56a\" data-element_type=\"widget\" data-e-type=\"widget\" data-widget_type=\"text-editor.default\">\n\t\t\t\t<div class=\"elementor-widget-container translation-block\"><b>Motion Blink<\/b> is built on the idea that animation should feel alive \u2014 not just a sequence of frames, but something that moves with purpose and emotion. We believe in <b>diversity<\/b>, <b>belonging<\/b>, and making cool things with cool people.\r\n\r\nOur work isn\u2019t about motion alone; it\u2019s about <b>creativity<\/b>, <b>inclusivity<\/b>, and visuals that feel real, diverse, and meaningful.\r\n\r\nIf that sounds like your kind of vibe, we should probably talk.<\/div>\n\t\t\t\t<\/div>\n\t\t\t\t<div class=\"elementor-element elementor-element-38a46cc heroheading elementor-widget elementor-widget-heading\" data-id=\"38a46cc\" data-element_type=\"widget\" data-e-type=\"widget\" data-widget_type=\"heading.default\">\n\t\t\t\t<div class=\"elementor-widget-container\">\n\t\t\t\t\t<h2 class=\"elementor-heading-title elementor-size-default\">Markengeschichte<\/h2>\t\t\t\t<\/div>\n\t\t\t\t<\/div>\n\t\t\t\t<div class=\"elementor-element elementor-element-fcbf078 elementor-widget__width-initial elementor-widget-mobile__width-inherit elementor-widget elementor-widget-heading\" data-id=\"fcbf078\" data-element_type=\"widget\" data-e-type=\"widget\" data-widget_type=\"heading.default\">\n\t\t\t\t<div class=\"elementor-widget-container\">\n\t\t\t\t\t<h2 class=\"elementor-heading-title elementor-size-default\">Motion Blink begann mit einem einfachen Gedanken: Bewegung sollte sich so nat\u00fcrlich anf\u00fchlen wie ein Wimpernschlag: m\u00fchelos, organisch und voller Leben.<\/h2>\t\t\t\t<\/div>\n\t\t\t\t<\/div>\n\t\t\t\t<div class=\"elementor-element elementor-element-e8cdeba elementor-widget__width-initial elementor-widget-mobile__width-initial elementor-widget elementor-widget-text-editor\" data-id=\"e8cdeba\" data-element_type=\"widget\" data-e-type=\"widget\" data-widget_type=\"text-editor.default\">\n\t\t\t\t<div class=\"elementor-widget-container translation-block\">We see a creative industry that\u2019s polished but lacks soul and isn\u2019t that fun anymore. We create motion that connects, visuals that breathe, and stories that leave an impact.\r\n\r\nOur team is built on <b>collaboration<\/b>, <b>curiosity<\/b>, and a love for pushing creative boundaries. We don\u2019t just make things move; we make them matter.<\/div>\n\t\t\t\t<\/div>\n\t\t\t\t<div class=\"elementor-element elementor-element-f10ae94 heroheading elementor-widget elementor-widget-heading\" data-id=\"f10ae94\" data-element_type=\"widget\" data-e-type=\"widget\" data-widget_type=\"heading.default\">\n\t\t\t\t<div class=\"elementor-widget-container\">\n\t\t\t\t\t<h2 class=\"elementor-heading-title elementor-size-default\">Verbindung zu Outside Media &amp; Knowledge<\/h2>\t\t\t\t<\/div>\n\t\t\t\t<\/div>\n\t\t<div class=\"elementor-element elementor-element-3e3892d e-con-full e-flex e-con e-child\" data-id=\"3e3892d\" data-element_type=\"container\" data-e-type=\"container\">\n\t\t<div class=\"elementor-element elementor-element-a743e63 e-con-full e-flex e-con e-child\" data-id=\"a743e63\" data-element_type=\"container\" data-e-type=\"container\">\n\t\t\t\t<div class=\"elementor-element elementor-element-791dbc2 elementor-widget-mobile__width-inherit elementor-widget elementor-widget-heading\" data-id=\"791dbc2\" data-element_type=\"widget\" data-e-type=\"widget\" data-widget_type=\"heading.default\">\n\t\t\t\t<div class=\"elementor-widget-container\">\n\t\t\t\t\t<h2 class=\"elementor-heading-title elementor-size-default\">Motion Blink is part of Outside Media &amp; Knowledge, a collective that aims to innovate in design, social impact, and innovative storytelling.<\/h2>\t\t\t\t<\/div>\n\t\t\t\t<\/div>\n\t\t\t\t<div class=\"elementor-element elementor-element-3634861 elementor-widget-mobile__width-initial elementor-widget elementor-widget-text-editor\" data-id=\"3634861\" data-element_type=\"widget\" data-e-type=\"widget\" data-widget_type=\"text-editor.default\">\n\t\t\t\t<div class=\"elementor-widget-container\">\n\t\t\t\t\t\t\t\t\t<p class=\"translation-block\">W\u00e4hrend <b>Outside Media &amp; Knowledge<\/b> ein breites Spektrum kreativer Arbeit abdeckt, hat sich <b>Motion Blink<\/b> auf Motion Design spezialisiert und erweckt Geschichten durch Animation, dynamische Visualisierungen und immersive Erlebnisse zum Leben.<\/p><p>Gemeinsam bringen wir gro\u00dfartige Ideen, mutige Bilder und das Engagement ein, Medien inklusiver und aussagekr\u00e4ftiger zu gestalten.<\/p>\t\t\t\t\t\t\t\t<\/div>\n\t\t\t\t<\/div>\n\t\t\t\t<\/div>\n\t\t<div class=\"elementor-element elementor-element-fea38fc e-con-full e-flex e-con e-child\" data-id=\"fea38fc\" data-element_type=\"container\" data-e-type=\"container\">\n\t\t\t\t<div class=\"elementor-element elementor-element-916c54b elementor-widget elementor-widget-image\" data-id=\"916c54b\" data-element_type=\"widget\" data-e-type=\"widget\" data-widget_type=\"image.default\">\n\t\t\t\t<div class=\"elementor-widget-container\">\n\t\t\t\t\t\t\t\t\t\t\t\t\t\t\t\t<a href=\"https:\/\/outsidemedia.eu\/\" target=\"_blank\">\n\t\t\t\t\t\t\t<img decoding=\"async\" width=\"800\" height=\"347\" src=\"https:\/\/motion-blink.com\/wp-content\/uploads\/2025\/04\/Outside-logo-gif-web.gif\" class=\"attachment-large size-large wp-image-1398\" alt=\"Animated logo by Motion Blink using smooth motion design to represent diversity through fluid colour transitions\" \/>\t\t\t\t\t\t\t\t<\/a>\n\t\t\t\t\t\t\t\t\t\t\t\t\t\t\t<\/div>\n\t\t\t\t<\/div>\n\t\t\t\t<\/div>\n\t\t\t\t<\/div>\n\t\t\t\t\t<\/div>\n\t\t\t\t<\/div>\n\t\t<div class=\"elementor-element elementor-element-131c774 e-flex e-con-boxed e-con e-parent\" data-id=\"131c774\" data-element_type=\"container\" data-e-type=\"container\">\n\t\t\t\t\t<div class=\"e-con-inner\">\n\t\t\t\t<div class=\"elementor-element elementor-element-2811af5 elementor-widget elementor-widget-button\" data-id=\"2811af5\" data-element_type=\"widget\" data-e-type=\"widget\" data-widget_type=\"button.default\">\n\t\t\t\t<div class=\"elementor-widget-container\">\n\t\t\t\t\t\t\t\t\t<div class=\"elementor-button-wrapper\">\n\t\t\t\t\t<a class=\"elementor-button elementor-button-link elementor-size-sm\" href=\"https:\/\/calendly.com\/vedran-outsidemedia\/30min\" target=\"_blank\">\n\t\t\t\t\t\t<span class=\"elementor-button-content-wrapper\">\n\t\t\t\t\t\t\t\t\t<span class=\"elementor-button-text\">Zeit zum Reden<\/span>\n\t\t\t\t\t<\/span>\n\t\t\t\t\t<\/a>\n\t\t\t\t<\/div>\n\t\t\t\t\t\t\t\t<\/div>\n\t\t\t\t<\/div>\n\t\t\t\t\t<\/div>\n\t\t\t\t<\/div>\n\t\t<div class=\"elementor-element elementor-element-671e965 e-flex e-con-boxed e-con e-parent\" data-id=\"671e965\" data-element_type=\"container\" data-e-type=\"container\">\n\t\t\t\t\t<div class=\"e-con-inner\">\n\t\t\t\t<div class=\"elementor-element elementor-element-923b57e elementor-widget elementor-widget-spacer\" data-id=\"923b57e\" data-element_type=\"widget\" data-e-type=\"widget\" data-widget_type=\"spacer.default\">\n\t\t\t\t<div class=\"elementor-widget-container\">\n\t\t\t\t\t\t\t<div class=\"elementor-spacer\">\n\t\t\t<div class=\"elementor-spacer-inner\"><\/div>\n\t\t<\/div>\n\t\t\t\t\t\t<\/div>\n\t\t\t\t<\/div>\n\t\t\t\t\t<\/div>\n\t\t\t\t<\/div>\n\t\t\t\t<\/div>","protected":false},"excerpt":{"rendered":"<p>Who We Are We&#8217;re creatives who love good motion and good people. .heroheading { text-indent: 22.3vw !important; } Motion Blink is built on the idea that animation should feel alive \u2014 not just a sequence of frames, but something that moves with purpose and emotion. We believe in diversity, belonging, and making cool things with [&hellip;]<\/p>","protected":false},"author":1,"featured_media":0,"parent":0,"menu_order":0,"comment_status":"closed","ping_status":"closed","template":"","meta":{"footnotes":""},"class_list":["post-396","page","type-page","status-publish","hentry"],"_links":{"self":[{"href":"https:\/\/motion-blink.com\/de\/wp-json\/wp\/v2\/pages\/396","targetHints":{"allow":["GET"]}}],"collection":[{"href":"https:\/\/motion-blink.com\/de\/wp-json\/wp\/v2\/pages"}],"about":[{"href":"https:\/\/motion-blink.com\/de\/wp-json\/wp\/v2\/types\/page"}],"author":[{"embeddable":true,"href":"https:\/\/motion-blink.com\/de\/wp-json\/wp\/v2\/users\/1"}],"replies":[{"embeddable":true,"href":"https:\/\/motion-blink.com\/de\/wp-json\/wp\/v2\/comments?post=396"}],"version-history":[{"count":87,"href":"https:\/\/motion-blink.com\/de\/wp-json\/wp\/v2\/pages\/396\/revisions"}],"predecessor-version":[{"id":1473,"href":"https:\/\/motion-blink.com\/de\/wp-json\/wp\/v2\/pages\/396\/revisions\/1473"}],"wp:attachment":[{"href":"https:\/\/motion-blink.com\/de\/wp-json\/wp\/v2\/media?parent=396"}],"curies":[{"name":"wp","href":"https:\/\/api.w.org\/{rel}","templated":true}]}}